{"id":30,"date":"2020-03-05T09:50:34","date_gmt":"2020-03-05T08:50:34","guid":{"rendered":"http:\/\/www.madamechic.cz\/?page_id=30"},"modified":"2024-01-01T20:25:55","modified_gmt":"2024-01-01T19:25:55","slug":"cenik","status":"publish","type":"page","link":"https:\/\/www.madamechic.cz\/?page_id=30","title":{"rendered":"Cen\u00edk"},"content":{"rendered":"\n<figure class=\"wp-block-table\"><table class=\"has-fixed-layout\"><tbody><tr><td><strong>St\u0159ih d\u011btsk\u00fd<\/strong> (do 10 let)<\/td><td>od 120 K\u010d<\/td><\/tr><tr><td><strong>St\u0159ih p\u00e1nsk\u00fd<\/strong><\/td><td>od 180 K\u010d<\/td><\/tr><tr><td><strong>St\u0159ih d\u00e1msk\u00fd<\/strong> &#8211; v\u010detn\u011b myt\u00ed a fouk\u00e1n\u00ed<\/td><td>od 420 K\u010d<\/td><\/tr><tr><td><strong>Barven\u00ed Dusy Professional<\/strong><\/td><td>od 700 K\u010d<\/td><\/tr><tr><td><strong>Barven\u00ed Paul Mitchell<\/strong><\/td><td>od 990 K\u010d<\/td><\/tr><tr><td><strong>Mel\u00edr<\/strong><\/td><td>od 860 K\u010d<\/td><\/tr><tr><td><strong>Balayage<\/strong><\/td><td>od 1 300 K\u010d<\/td><\/tr><\/tbody><\/table><figcaption class=\"wp-element-caption\">Ceny platn\u00e9 od 1.1.2024<\/figcaption><\/figure>\n\n\n\n<p><\/p>\n\n\n\n<p>Ostatn\u00ed slu\u017eby dle aktu\u00e1ln\u00edho cen\u00edku k nahl\u00e9dnut\u00ed ve vlasov\u00e9m studiu<\/p>\n\n\n\n<p><\/p>\n\n\n\n<figure class=\"wp-block-image size-large\"><img loading=\"lazy\" decoding=\"async\" width=\"590\" height=\"225\" data-attachment-id=\"48\" data-permalink=\"https:\/\/www.madamechic.cz\/?attachment_id=48\" data-orig-file=\"https:\/\/www.madamechic.cz\/wp-content\/uploads\/2020\/03\/karta.jpg\" data-orig-size=\"590,225\" data-comments-opened=\"1\" data-image-meta=\"{&quot;aperture&quot;:&quot;0&quot;,&quot;credit&quot;:&quot;&quot;,&quot;camera&quot;:&quot;&quot;,&quot;caption&quot;:&quot;&quot;,&quot;created_timestamp&quot;:&quot;0&quot;,&quot;copyright&quot;:&quot;&quot;,&quot;focal_length&quot;:&quot;0&quot;,&quot;iso&quot;:&quot;0&quot;,&quot;shutter_speed&quot;:&quot;0&quot;,&quot;title&quot;:&quot;&quot;,&quot;orientation&quot;:&quot;0&quot;}\" data-image-title=\"karta\" data-image-description=\"\" data-image-caption=\"\" data-large-file=\"https:\/\/www.madamechic.cz\/wp-content\/uploads\/2020\/03\/karta.jpg\" src=\"https:\/\/www.madamechic.cz\/wp-content\/uploads\/2020\/03\/karta.jpg\" alt=\"\" class=\"wp-image-48\" srcset=\"https:\/\/www.madamechic.cz\/wp-content\/uploads\/2020\/03\/karta.jpg 590w, https:\/\/www.madamechic.cz\/wp-content\/uploads\/2020\/03\/karta-300x114.jpg 300w\" sizes=\"auto, (max-width: 590px) 100vw, 590px\" \/><\/figure>\n","protected":false},"excerpt":{"rendered":"<p>St\u0159ih d\u011btsk\u00fd (do 10 let) od 120 K\u010d St\u0159ih p\u00e1nsk\u00fd od 180 K\u010d St\u0159ih d\u00e1msk\u00fd &#8211; v\u010detn\u011b myt\u00ed a fouk\u00e1n\u00ed od 420 K\u010d Barven\u00ed Dusy [&hellip;]<\/p>\n","protected":false},"author":1,"featured_media":0,"parent":0,"menu_order":0,"comment_status":"closed","ping_status":"closed","template":"","meta":{"footnotes":""},"class_list":["post-30","page","type-page","status-publish","hentry"],"jetpack_sharing_enabled":true,"_links":{"self":[{"href":"https:\/\/www.madamechic.cz\/index.php?rest_route=\/wp\/v2\/pages\/30","targetHints":{"allow":["GET"]}}],"collection":[{"href":"https:\/\/www.madamechic.cz\/index.php?rest_route=\/wp\/v2\/pages"}],"about":[{"href":"https:\/\/www.madamechic.cz\/index.php?rest_route=\/wp\/v2\/types\/page"}],"author":[{"embeddable":true,"href":"https:\/\/www.madamechic.cz\/index.php?rest_route=\/wp\/v2\/users\/1"}],"replies":[{"embeddable":true,"href":"https:\/\/www.madamechic.cz\/index.php?rest_route=%2Fwp%2Fv2%2Fcomments&post=30"}],"version-history":[{"count":10,"href":"https:\/\/www.madamechic.cz\/index.php?rest_route=\/wp\/v2\/pages\/30\/revisions"}],"predecessor-version":[{"id":222,"href":"https:\/\/www.madamechic.cz\/index.php?rest_route=\/wp\/v2\/pages\/30\/revisions\/222"}],"wp:attachment":[{"href":"https:\/\/www.madamechic.cz\/index.php?rest_route=%2Fwp%2Fv2%2Fmedia&parent=30"}],"curies":[{"name":"wp","href":"https:\/\/api.w.org\/{rel}","templated":true}]}}